{"id":50,"date":"2023-04-18T16:38:08","date_gmt":"2023-04-18T14:38:08","guid":{"rendered":"https:\/\/arsenelapin.com\/?page_id=50"},"modified":"2023-05-09T14:29:06","modified_gmt":"2023-05-09T12:29:06","slug":"a-propos","status":"publish","type":"page","link":"https:\/\/arsenelapin.com\/index.php\/a-propos\/","title":{"rendered":"A propos"},"content":{"rendered":"<p>[et_pb_section fb_built=&#8221;1&#8243; _builder_version=&#8221;4.20.4&#8243; _module_preset=&#8221;default&#8221; global_colors_info=&#8221;{}&#8221;][et_pb_row column_structure=&#8221;1_2,1_2&#8243; _builder_version=&#8221;4.20.4&#8243; _module_preset=&#8221;default&#8221; global_colors_info=&#8221;{}&#8221;][et_pb_column type=&#8221;1_2&#8243; _builder_version=&#8221;4.20.4&#8243; _module_preset=&#8221;default&#8221; global_colors_info=&#8221;{}&#8221;][et_pb_text _builder_version=&#8221;4.20.4&#8243; _module_preset=&#8221;default&#8221; header_font=&#8221;Pinyon Script||||||||&#8221; global_colors_info=&#8221;{}&#8221;]<\/p>\n<h1 style=\"text-align: center;\">Qui se cache derri\u00e8re Ars\u00e8ne Lapin ?<\/h1>\n<p>&nbsp;<\/p>\n<p style=\"text-align: center;\">Une petite fille espi\u00e8gle : voici les mots qui d\u00e9criraient Cl\u00e9mence, la cr\u00e9atrice d&#8217;Ars\u00e8ne Lapin.\u00a0<\/p>\n<p style=\"text-align: center;\">\n<p style=\"text-align: center;\">Passionn\u00e9e de mode et ayant travaill\u00e9 deux ans en pr\u00eat-\u00e0-porter f\u00e9minin sur Paris, Cl\u00e9mence cr\u00e9\u00e9e Ars\u00e8ne Lapin en septembre 2022 avec une folle envie de cr\u00e9er des pi\u00e8ces uniques et peu vues dans le commerce.<\/p>\n<p style=\"text-align: center;\">Un body avec doubles rang\u00e9es de pressions, une salopette 3 en 1 etc&#8230; Les pi\u00e8ces d&#8217;Ars\u00e8ne Lapin se veulent r\u00e9fl\u00e9chies et malignes.\u00a0<\/p>\n<p style=\"text-align: center;\">\n<p style=\"text-align: center;\">\n<p style=\"text-align: center;\">\n<p>[\/et_pb_text][\/et_pb_column][et_pb_column type=&#8221;1_2&#8243; _builder_version=&#8221;4.20.4&#8243; _module_preset=&#8221;default&#8221; global_colors_info=&#8221;{}&#8221;][et_pb_image src=&#8221;http:\/\/arsenelapin.com\/wp-content\/uploads\/2023\/05\/IMG_1738.jpg&#8221; title_text=&#8221;IMG_1738&#8243; _builder_version=&#8221;4.20.4&#8243; _module_preset=&#8221;default&#8221; module_alignment=&#8221;center&#8221; animation_style=&#8221;fade&#8221; hover_enabled=&#8221;0&#8243; global_colors_info=&#8221;{}&#8221; sticky_enabled=&#8221;0&#8243; disabled_on=&#8221;off|off|off&#8221;][\/et_pb_image][\/et_pb_column][\/et_pb_row][\/et_pb_section]<\/p>\n","protected":false},"excerpt":{"rendered":"<p>Qui se cache derri\u00e8re Ars\u00e8ne Lapin ? &nbsp; Une petite fille espi\u00e8gle : voici les mots qui d\u00e9criraient Cl\u00e9mence, la cr\u00e9atrice d&#8217;Ars\u00e8ne Lapin.\u00a0 Passionn\u00e9e de mode et ayant travaill\u00e9 deux ans en pr\u00eat-\u00e0-porter f\u00e9minin sur Paris, Cl\u00e9mence cr\u00e9\u00e9e Ars\u00e8ne Lapin en septembre 2022 avec une folle envie de cr\u00e9er des pi\u00e8ces uniques et peu vues [&hellip;]<\/p>\n","protected":false},"author":1,"featured_media":0,"parent":0,"menu_order":0,"comment_status":"closed","ping_status":"closed","template":"","meta":{"_et_pb_use_builder":"on","_et_pb_old_content":"<!-- wp:divi\/placeholder \/-->","_et_gb_content_width":""},"jetpack_sharing_enabled":true,"_links":{"self":[{"href":"https:\/\/arsenelapin.com\/index.php\/wp-json\/wp\/v2\/pages\/50"}],"collection":[{"href":"https:\/\/arsenelapin.com\/index.php\/wp-json\/wp\/v2\/pages"}],"about":[{"href":"https:\/\/arsenelapin.com\/index.php\/wp-json\/wp\/v2\/types\/page"}],"author":[{"embeddable":true,"href":"https:\/\/arsenelapin.com\/index.php\/wp-json\/wp\/v2\/users\/1"}],"replies":[{"embeddable":true,"href":"https:\/\/arsenelapin.com\/index.php\/wp-json\/wp\/v2\/comments?post=50"}],"version-history":[{"count":8,"href":"https:\/\/arsenelapin.com\/index.php\/wp-json\/wp\/v2\/pages\/50\/revisions"}],"predecessor-version":[{"id":422,"href":"https:\/\/arsenelapin.com\/index.php\/wp-json\/wp\/v2\/pages\/50\/revisions\/422"}],"wp:attachment":[{"href":"https:\/\/arsenelapin.com\/index.php\/wp-json\/wp\/v2\/media?parent=50"}],"curies":[{"name":"wp","href":"https:\/\/api.w.org\/{rel}","templated":true}]}}